{"id":85,"date":"2014-11-27T15:58:47","date_gmt":"2014-11-27T17:58:47","guid":{"rendered":"http:\/\/www.fermec.com.br\/blog\/?page_id=85"},"modified":"2014-11-27T16:03:31","modified_gmt":"2014-11-27T18:03:31","slug":"fermec-ferramentas-de-usinagem","status":"publish","type":"page","link":"https:\/\/www.fermec.com.br\/blog\/fermec-ferramentas-de-usinagem\/","title":{"rendered":"Empresa"},"content":{"rendered":"<p><img decoding=\"async\" loading=\"lazy\" class=\"alignnone size-full wp-image-73\" src=\"http:\/\/www.fermec.com.br\/blog\/wp-content\/uploads\/2014\/11\/fermec-ferramentas-de-usinagem.jpg\" alt=\"Fermec Ferramentas de Usinagem\" width=\"626\" height=\"211\" srcset=\"https:\/\/www.fermec.com.br\/blog\/wp-content\/uploads\/2014\/11\/fermec-ferramentas-de-usinagem.jpg 626w, https:\/\/www.fermec.com.br\/blog\/wp-content\/uploads\/2014\/11\/fermec-ferramentas-de-usinagem-300x101.jpg 300w, https:\/\/www.fermec.com.br\/blog\/wp-content\/uploads\/2014\/11\/fermec-ferramentas-de-usinagem-150x50.jpg 150w\" sizes=\"(max-width: 626px) 100vw, 626px\" \/><\/p>\n<h2>A Fermec Ferramentas de Usinagem atua no segmento de ferramentas de corte e acess\u00f3rios para usinagem, trabalhamos em parceria com os principais fabricantes de ferramentas do mercado Nacional e Internacional.<\/h2>\n<p>Atendemos Ind\u00fastrias e empresas dos mais variados segmentos como: Autope\u00e7as, Ind\u00fastrias Automobil\u00edsticas, Ferramentaria, Moldes e Matrizes, Mec\u00e2nica Geral, Usinagem para Terceiros, Manuten\u00e7\u00e3o, Implementos Agr\u00edcolas, M\u00e1quinas e Equipamentos, Bombas, V\u00e1lvulas e Ind\u00fastria Hidr\u00e1ulica.<\/p>\n<p>A Fermec Ferramentas de Usinagem oferece um servi\u00e7o de entrega direta ao consumidor com velocidade e efici\u00eancia. Para atender com agilidade nossos clientes, dispomos de uma estrutura log\u00edstica de qualidade.<\/p>\n<p>O centro de distribui\u00e7\u00e3o, possui sistemas integrados de controle de estoque e pedidos.<br \/>\nOs produtos vendidos saem do nosso Centro de Distribui\u00e7\u00e3o, encaminhados pelos CORREIOS ou por uma Transportadora de confian\u00e7a que entregar\u00e1 a mercadoria no local solicitado.<br \/>\n<a href=\"http:\/\/www.fermec.com.br\" title=\"Visite nosso site\"><br \/>\nConhe\u00e7a nosso site, clique aqui.<br \/>\n<\/a><\/p>\n","protected":false},"excerpt":{"rendered":"<p>A Fermec Ferramentas de Usinagem atua no segmento de ferramentas de corte e acess\u00f3rios para usinagem, trabalhamos em parceria com os principais fabricantes de ferramentas do mercado Nacional e Internacional. Atendemos Ind\u00fastrias e empresas dos mais variados segmentos como: Autope\u00e7as, Ind\u00fastrias Automobil\u00edsticas, Ferramentaria, Moldes e Matrizes, Mec\u00e2nica Geral, Usinagem para Terceiros, Manuten\u00e7\u00e3o, Implementos Agr\u00edcolas, M\u00e1quinas&#8230;<\/p>\n","protected":false},"author":1,"featured_media":0,"parent":0,"menu_order":0,"comment_status":"open","ping_status":"open","template":"","meta":[],"yoast_head":"<!-- This site is optimized with the Yoast SEO plugin v21.4 - https:\/\/yoast.com\/wordpress\/plugins\/seo\/ -->\n<title>Fermec Ferramentas de Usinagem<\/title>\n<meta name=\"description\" content=\"A Fermec Ferramentas de Usinagem atua no segmento de ferramentas de corte e acess\u00f3rios para usinagem, Trabalhamos com ferramentas de alt\u00edssima qualidade.\" \/>\n<meta name=\"robots\" content=\"index, follow, max-snippet:-1, max-image-preview:large, max-video-preview:-1\" \/>\n<link rel=\"canonical\" href=\"https:\/\/www.fermec.com.br\/blog\/fermec-ferramentas-de-usinagem\/\" \/>\n<meta property=\"og:locale\" content=\"pt_BR\" \/>\n<meta property=\"og:type\" content=\"article\" \/>\n<meta property=\"og:title\" content=\"Fermec Ferramentas de Usinagem\" \/>\n<meta property=\"og:description\" content=\"A Fermec Ferramentas de Usinagem atua no segmento de ferramentas de corte e acess\u00f3rios para usinagem, Trabalhamos com ferramentas de alt\u00edssima qualidade.\" \/>\n<meta property=\"og:url\" content=\"https:\/\/www.fermec.com.br\/blog\/fermec-ferramentas-de-usinagem\/\" \/>\n<meta property=\"og:site_name\" content=\"Fermec - Ferramentas de Usinagem\" \/>\n<meta property=\"article:publisher\" content=\"https:\/\/www.facebook.com\/fermecoficial\" \/>\n<meta property=\"article:modified_time\" content=\"2014-11-27T18:03:31+00:00\" \/>\n<meta property=\"og:image\" content=\"http:\/\/www.fermec.com.br\/blog\/wp-content\/uploads\/2014\/11\/fermec-ferramentas-de-usinagem.jpg\" \/>\n<meta name=\"twitter:label1\" content=\"Est. tempo de leitura\" \/>\n\t<meta name=\"twitter:data1\" content=\"1 minuto\" \/>\n<script type=\"application\/ld+json\" class=\"yoast-schema-graph\">{\"@context\":\"https:\/\/schema.org\",\"@graph\":[{\"@type\":\"WebPage\",\"@id\":\"https:\/\/www.fermec.com.br\/blog\/fermec-ferramentas-de-usinagem\/\",\"url\":\"https:\/\/www.fermec.com.br\/blog\/fermec-ferramentas-de-usinagem\/\",\"name\":\"Fermec Ferramentas de Usinagem\",\"isPartOf\":{\"@id\":\"https:\/\/www.fermec.com.br\/blog\/#website\"},\"datePublished\":\"2014-11-27T17:58:47+00:00\",\"dateModified\":\"2014-11-27T18:03:31+00:00\",\"description\":\"A Fermec Ferramentas de Usinagem atua no segmento de ferramentas de corte e acess\u00f3rios para usinagem, Trabalhamos com ferramentas de alt\u00edssima qualidade.\",\"breadcrumb\":{\"@id\":\"https:\/\/www.fermec.com.br\/blog\/fermec-ferramentas-de-usinagem\/#breadcrumb\"},\"inLanguage\":\"pt-BR\",\"potentialAction\":[{\"@type\":\"ReadAction\",\"target\":[\"https:\/\/www.fermec.com.br\/blog\/fermec-ferramentas-de-usinagem\/\"]}]},{\"@type\":\"BreadcrumbList\",\"@id\":\"https:\/\/www.fermec.com.br\/blog\/fermec-ferramentas-de-usinagem\/#breadcrumb\",\"itemListElement\":[{\"@type\":\"ListItem\",\"position\":1,\"name\":\"In\u00edcio\",\"item\":\"https:\/\/www.fermec.com.br\/blog\/\"},{\"@type\":\"ListItem\",\"position\":2,\"name\":\"Empresa\"}]},{\"@type\":\"WebSite\",\"@id\":\"https:\/\/www.fermec.com.br\/blog\/#website\",\"url\":\"https:\/\/www.fermec.com.br\/blog\/\",\"name\":\"Fermec - Ferramentas de Usinagem\",\"description\":\"Distribuidor de ferramentas de usinagem para todo o Brasil\",\"publisher\":{\"@id\":\"https:\/\/www.fermec.com.br\/blog\/#organization\"},\"potentialAction\":[{\"@type\":\"SearchAction\",\"target\":{\"@type\":\"EntryPoint\",\"urlTemplate\":\"https:\/\/www.fermec.com.br\/blog\/?s={search_term_string}\"},\"query-input\":\"required name=search_term_string\"}],\"inLanguage\":\"pt-BR\"},{\"@type\":\"Organization\",\"@id\":\"https:\/\/www.fermec.com.br\/blog\/#organization\",\"name\":\"Fermec\",\"url\":\"https:\/\/www.fermec.com.br\/blog\/\",\"logo\":{\"@type\":\"ImageObject\",\"inLanguage\":\"pt-BR\",\"@id\":\"https:\/\/www.fermec.com.br\/blog\/#\/schema\/logo\/image\/\",\"url\":\"https:\/\/www.fermec.com.br\/blog\/wp-content\/uploads\/2014\/11\/logo.png\",\"contentUrl\":\"https:\/\/www.fermec.com.br\/blog\/wp-content\/uploads\/2014\/11\/logo.png\",\"width\":335,\"height\":65,\"caption\":\"Fermec\"},\"image\":{\"@id\":\"https:\/\/www.fermec.com.br\/blog\/#\/schema\/logo\/image\/\"},\"sameAs\":[\"https:\/\/www.facebook.com\/fermecoficial\"]}]}<\/script>\n<!-- \/ Yoast SEO plugin. -->","yoast_head_json":{"title":"Fermec Ferramentas de Usinagem","description":"A Fermec Ferramentas de Usinagem atua no segmento de ferramentas de corte e acess\u00f3rios para usinagem, Trabalhamos com ferramentas de alt\u00edssima qualidade.","robots":{"index":"index","follow":"follow","max-snippet":"max-snippet:-1","max-image-preview":"max-image-preview:large","max-video-preview":"max-video-preview:-1"},"canonical":"https:\/\/www.fermec.com.br\/blog\/fermec-ferramentas-de-usinagem\/","og_locale":"pt_BR","og_type":"article","og_title":"Fermec Ferramentas de Usinagem","og_description":"A Fermec Ferramentas de Usinagem atua no segmento de ferramentas de corte e acess\u00f3rios para usinagem, Trabalhamos com ferramentas de alt\u00edssima qualidade.","og_url":"https:\/\/www.fermec.com.br\/blog\/fermec-ferramentas-de-usinagem\/","og_site_name":"Fermec - Ferramentas de Usinagem","article_publisher":"https:\/\/www.facebook.com\/fermecoficial","article_modified_time":"2014-11-27T18:03:31+00:00","og_image":[{"url":"http:\/\/www.fermec.com.br\/blog\/wp-content\/uploads\/2014\/11\/fermec-ferramentas-de-usinagem.jpg"}],"twitter_misc":{"Est. tempo de leitura":"1 minuto"},"schema":{"@context":"https:\/\/schema.org","@graph":[{"@type":"WebPage","@id":"https:\/\/www.fermec.com.br\/blog\/fermec-ferramentas-de-usinagem\/","url":"https:\/\/www.fermec.com.br\/blog\/fermec-ferramentas-de-usinagem\/","name":"Fermec Ferramentas de Usinagem","isPartOf":{"@id":"https:\/\/www.fermec.com.br\/blog\/#website"},"datePublished":"2014-11-27T17:58:47+00:00","dateModified":"2014-11-27T18:03:31+00:00","description":"A Fermec Ferramentas de Usinagem atua no segmento de ferramentas de corte e acess\u00f3rios para usinagem, Trabalhamos com ferramentas de alt\u00edssima qualidade.","breadcrumb":{"@id":"https:\/\/www.fermec.com.br\/blog\/fermec-ferramentas-de-usinagem\/#breadcrumb"},"inLanguage":"pt-BR","potentialAction":[{"@type":"ReadAction","target":["https:\/\/www.fermec.com.br\/blog\/fermec-ferramentas-de-usinagem\/"]}]},{"@type":"BreadcrumbList","@id":"https:\/\/www.fermec.com.br\/blog\/fermec-ferramentas-de-usinagem\/#breadcrumb","itemListElement":[{"@type":"ListItem","position":1,"name":"In\u00edcio","item":"https:\/\/www.fermec.com.br\/blog\/"},{"@type":"ListItem","position":2,"name":"Empresa"}]},{"@type":"WebSite","@id":"https:\/\/www.fermec.com.br\/blog\/#website","url":"https:\/\/www.fermec.com.br\/blog\/","name":"Fermec - Ferramentas de Usinagem","description":"Distribuidor de ferramentas de usinagem para todo o Brasil","publisher":{"@id":"https:\/\/www.fermec.com.br\/blog\/#organization"},"potentialAction":[{"@type":"SearchAction","target":{"@type":"EntryPoint","urlTemplate":"https:\/\/www.fermec.com.br\/blog\/?s={search_term_string}"},"query-input":"required name=search_term_string"}],"inLanguage":"pt-BR"},{"@type":"Organization","@id":"https:\/\/www.fermec.com.br\/blog\/#organization","name":"Fermec","url":"https:\/\/www.fermec.com.br\/blog\/","logo":{"@type":"ImageObject","inLanguage":"pt-BR","@id":"https:\/\/www.fermec.com.br\/blog\/#\/schema\/logo\/image\/","url":"https:\/\/www.fermec.com.br\/blog\/wp-content\/uploads\/2014\/11\/logo.png","contentUrl":"https:\/\/www.fermec.com.br\/blog\/wp-content\/uploads\/2014\/11\/logo.png","width":335,"height":65,"caption":"Fermec"},"image":{"@id":"https:\/\/www.fermec.com.br\/blog\/#\/schema\/logo\/image\/"},"sameAs":["https:\/\/www.facebook.com\/fermecoficial"]}]}},"_links":{"self":[{"href":"https:\/\/www.fermec.com.br\/blog\/wp-json\/wp\/v2\/pages\/85"}],"collection":[{"href":"https:\/\/www.fermec.com.br\/blog\/wp-json\/wp\/v2\/pages"}],"about":[{"href":"https:\/\/www.fermec.com.br\/blog\/wp-json\/wp\/v2\/types\/page"}],"author":[{"embeddable":true,"href":"https:\/\/www.fermec.com.br\/blog\/wp-json\/wp\/v2\/users\/1"}],"replies":[{"embeddable":true,"href":"https:\/\/www.fermec.com.br\/blog\/wp-json\/wp\/v2\/comments?post=85"}],"version-history":[{"count":4,"href":"https:\/\/www.fermec.com.br\/blog\/wp-json\/wp\/v2\/pages\/85\/revisions"}],"predecessor-version":[{"id":90,"href":"https:\/\/www.fermec.com.br\/blog\/wp-json\/wp\/v2\/pages\/85\/revisions\/90"}],"wp:attachment":[{"href":"https:\/\/www.fermec.com.br\/blog\/wp-json\/wp\/v2\/media?parent=85"}],"curies":[{"name":"wp","href":"https:\/\/api.w.org\/{rel}","templated":true}]}}